{"id":543,"date":"2024-10-16T08:47:38","date_gmt":"2024-10-16T08:47:38","guid":{"rendered":"https:\/\/wpriverthemes.com\/gixus\/?page_id=543"},"modified":"2025-03-14T10:17:31","modified_gmt":"2025-03-14T10:17:31","slug":"contact","status":"publish","type":"page","link":"https:\/\/stayanonymous.io\/pt\/contact\/","title":{"rendered":"Contato"},"content":{"rendered":"<div data-elementor-type=\"wp-page\" data-elementor-id=\"543\" class=\"elementor elementor-543\">\n\t\t\t\t<div class=\"elementor-element elementor-element-be17373 e-con-full e-flex e-con e-parent\" data-id=\"be17373\" data-element_type=\"container\" data-e-type=\"container\">\n\t\t\t\t<div class=\"elementor-element elementor-element-ade3275 elementor-widget elementor-widget-pages_pages_contact_section\" data-id=\"ade3275\" data-element_type=\"widget\" data-e-type=\"widget\" data-widget_type=\"pages_pages_contact_section.default\">\n\t\t\t\t<div class=\"elementor-widget-container\">\n\t\t\t\t\t        <div class=\"contact-style-one-area overflow-hidden default-padding\">\n            <div class=\"contact-shape\">\n                <img decoding=\"async\" src=\"https:\/\/stayanonymous.io\/wp-content\/themes\/gixus\/assets\/img\/illustration\/14.png\" alt=\"Image Not Found\">\n            <\/div>\n            <div class=\"container\">\n                <div class=\"row align-center\">\n                    <div class=\"contact-stye-one col-lg-5 mb-md-50 mb-xs-40\">\n                        <div class=\"contact-style-one-info\">\n                            <h4 class=\"sub-title\">Tem d\u00favidas?<\/h4>\n                            <h2>Informa\u00e7\u00f5es de contato<\/h2>\n                            <p>Quer voc\u00ea tenha escolhido um plano ou precise de orienta\u00e7\u00e3o especializada para permanecer an\u00f4nimo, estamos aqui para ajudar. Vamos garantir seu anonimato. Veja abaixo as op\u00e7\u00f5es para falar conosco no Telegram, Signal, WhatsUp ou por e-mail.<\/p>\n                            <ul>\n                                                                    <li class=\"wow fadeInUp\" data-wow-delay=\"0ms\">\n                                        <div class=\"icon\">\n                                            <i class=\"fab fa-whatsapp\"><\/i>\n                                        <\/div>\n                                        <div class=\"content\">\n                                            <h5 class=\"title\">WhatsApp<\/h5>\n                                            <a href=\"https:\/\/wa.me\/995555761637?text=I&#039;m%20interested%20in%20your%20privacy%20services\">Abrir o WhatsApp<\/a>\n                                        <\/div>\n                                    <\/li>\n                                                                    <li class=\"wow fadeInUp\" data-wow-delay=\"250ms\">\n                                        <div class=\"icon\">\n                                            <i class=\"fab fa-telegram-plane\"><\/i>\n                                        <\/div>\n                                        <div class=\"content\">\n                                            <h5 class=\"title\">Telegrama<\/h5>\n                                            <a href=\"https:\/\/t.me\/coolsharkoinocean\">Abrir no telegrama<\/a>\n                                        <\/div>\n                                    <\/li>\n                                                                    <li class=\"wow fadeInUp\" data-wow-delay=\"500ms\">\n                                        <div class=\"icon\">\n                                            <i class=\"fas fa-map-marker-alt\"><\/i>\n                                        <\/div>\n                                        <div class=\"content\">\n                                            <h5 class=\"title\">Sinal<\/h5>\n                                            <a href=\"https:\/\/shorturl.at\/uU2Oa\">Aberto no sinal<\/a>\n                                        <\/div>\n                                    <\/li>\n                                                                    <li class=\"wow fadeInUp\" data-wow-delay=\"750ms\">\n                                        <div class=\"icon\">\n                                            <i class=\"fas fa-envelope-open-text\"><\/i>\n                                        <\/div>\n                                        <div class=\"content\">\n                                            <h5 class=\"title\">E-mail oficial<\/h5>\n                                            <a href=\"http:\/\/support@stayanonymous.io\/pt\/\">support@stayanonymous.io<\/a>\n                                        <\/div>\n                                    <\/li>\n                                                            <\/ul>\n                        <\/div>\n                    <\/div>\n                    <div class=\"contact-stye-one col-lg-7 pl-60 pl-md-15 pl-xs-15\">\n                        <div class=\"contact-form-style-one\">\n                            <h2 class=\"heading\">Envie-nos uma massagem<\/h2>\n                            \n<div class=\"wpcf7 no-js\" id=\"wpcf7-f542-o1\" lang=\"en-US\" dir=\"ltr\" data-wpcf7-id=\"542\">\n<div class=\"screen-reader-response\"><p role=\"status\" aria-live=\"polite\" aria-atomic=\"true\"><\/p> <ul><\/ul><\/div>\n<form action=\"\/pt\/wp-json\/wp\/v2\/pages\/543#wpcf7-f542-o1\" method=\"post\" class=\"wpcf7-form init\" aria-label=\"Contact form\" novalidate=\"novalidate\" data-status=\"init\" data-trp-original-action=\"\/pt\/wp-json\/wp\/v2\/pages\/543#wpcf7-f542-o1\">\n<div style=\"display: none;\">\n<input type=\"hidden\" name=\"_wpcf7\" value=\"542\" \/>\n<input type=\"hidden\" name=\"_wpcf7_version\" value=\"6.0.6\" \/>\n<input type=\"hidden\" name=\"_wpcf7_locale\" value=\"en_US\" \/>\n<input type=\"hidden\" name=\"_wpcf7_unit_tag\" value=\"wpcf7-f542-o1\" \/>\n<input type=\"hidden\" name=\"_wpcf7_container_post\" value=\"0\" \/>\n<input type=\"hidden\" name=\"_wpcf7_posted_data_hash\" value=\"\" \/>\n<\/div>\n<div class=\"row\">\n    <div class=\"col-lg-12\">\n        <div class=\"form-group\">\n<span class=\"wpcf7-form-control-wrap\" data-name=\"name1\"><input size=\"40\" maxlength=\"400\" class=\"wpcf7-form-control wpcf7-text wpcf7-validates-as-required form-control\" aria-required=\"true\" aria-invalid=\"false\" placeholder=\"Nome\" value=\"\" type=\"text\" name=\"name1\" \/><\/span>\n            <span class=\"alert-error\"><\/span>\n        <\/div>\n    <\/div>\n<\/div>\n<div class=\"row\">\n    <div class=\"col-lg-6\">\n        <div class=\"form-group\">\n<span class=\"wpcf7-form-control-wrap\" data-name=\"email-480\"><input size=\"40\" maxlength=\"400\" class=\"wpcf7-form-control wpcf7-email wpcf7-validates-as-required wpcf7-text wpcf7-validates-as-email form-control\" aria-required=\"true\" aria-invalid=\"false\" placeholder=\"E-mail*\" value=\"\" type=\"email\" name=\"email-480\" \/><\/span>\n            <span class=\"alert-error\"><\/span>\n        <\/div>\n    <\/div>\n    <div class=\"col-lg-6\">\n        <div class=\"form-group\">\n<span class=\"wpcf7-form-control-wrap\" data-name=\"phone\"><input size=\"40\" maxlength=\"400\" class=\"wpcf7-form-control wpcf7-text wpcf7-validates-as-required form-control\" aria-required=\"true\" aria-invalid=\"false\" placeholder=\"Telefone\" value=\"\" type=\"text\" name=\"phone\" \/><\/span>\n            <span class=\"alert-error\"><\/span>\n        <\/div>\n    <\/div>\n<\/div>\n<span class=\"wpcf7-form-control-wrap\" data-name=\"select-786\"><select class=\"wpcf7-form-control wpcf7-select\" aria-invalid=\"false\" name=\"select-786\"><option value=\"\">Chamada de zoom<\/option><option value=\"Telegram\">Telegrama<\/option><option value=\"Signal\">Sinal<\/option><\/select><\/span>\n<div class=\"row\">\n    <div class=\"col-lg-12\">\n        <div class=\"form-group comments\">\n<span class=\"wpcf7-form-control-wrap\" data-name=\"comments\"><textarea cols=\"40\" rows=\"10\" maxlength=\"2000\" class=\"wpcf7-form-control wpcf7-textarea wpcf7-validates-as-required form-control\" aria-required=\"true\" aria-invalid=\"false\" placeholder=\"D\u00ea-nos um link para seu telegrama ou sinal aqui, se quiser que falemos l\u00e1, ou simplesmente clique nos \u00edcones desta p\u00e1gina. Eles o direcionar\u00e3o para nossos links de mensagens. *\" name=\"comments\"><\/textarea><\/span>\n        <\/div>\n    <\/div>\n<\/div>\n<div class=\"row\">\n    <div class=\"col-lg-12\">\n        <button type=\"submit\" name=\"submit\" id=\"submit\">\n            <i class=\"fa fa-paper-plane\"><\/i> Entre em contato\n        <\/button>\n    <\/div>\n<\/div>\n<!-- Alert Message -->\n<div class=\"col-lg-12 alert-notification\">\n    <div id=\"message\" class=\"alert-msg\"><\/div>\n<\/div><div class=\"wpcf7-response-output\" aria-hidden=\"true\"><\/div>\n<input type=\"hidden\" name=\"trp-form-language\" value=\"pt\"\/><\/form>\n<\/div>\n                        <\/div>\n                    <\/div>\n                <\/div>\n            <\/div>\n        <\/div>\n        \t\t\t\t<\/div>\n\t\t\t\t<\/div>\n\t\t\t\t<\/div>\n\t\t\t\t<\/div>","protected":false},"excerpt":{"rendered":"<p>Have Questions? Contact Information Whether you\u2019ve picked a plan or need expert advice on staying anonymous, we\u2019re here to help. Let\u2019s secure your anonymosity. See below options talk to us on Telegram, Signal, WhatsUp or email. WhatsApp Open WhatsApp Telegram Open in telegram Signal Open in Signal Official Email support@stayanonymous.io Send us a Massage Zoom [&hellip;]<\/p>","protected":false},"author":1,"featured_media":0,"parent":0,"menu_order":0,"comment_status":"closed","ping_status":"closed","template":"page-templates\/home.php","meta":{"footnotes":""},"class_list":["post-543","page","type-page","status-publish","hentry"],"_links":{"self":[{"href":"https:\/\/stayanonymous.io\/pt\/wp-json\/wp\/v2\/pages\/543","targetHints":{"allow":["GET"]}}],"collection":[{"href":"https:\/\/stayanonymous.io\/pt\/wp-json\/wp\/v2\/pages"}],"about":[{"href":"https:\/\/stayanonymous.io\/pt\/wp-json\/wp\/v2\/types\/page"}],"author":[{"embeddable":true,"href":"https:\/\/stayanonymous.io\/pt\/wp-json\/wp\/v2\/users\/1"}],"replies":[{"embeddable":true,"href":"https:\/\/stayanonymous.io\/pt\/wp-json\/wp\/v2\/comments?post=543"}],"version-history":[{"count":21,"href":"https:\/\/stayanonymous.io\/pt\/wp-json\/wp\/v2\/pages\/543\/revisions"}],"predecessor-version":[{"id":2192,"href":"https:\/\/stayanonymous.io\/pt\/wp-json\/wp\/v2\/pages\/543\/revisions\/2192"}],"wp:attachment":[{"href":"https:\/\/stayanonymous.io\/pt\/wp-json\/wp\/v2\/media?parent=543"}],"curies":[{"name":"wp","href":"https:\/\/api.w.org\/{rel}","templated":true}]}}